{"id":728,"date":"2025-04-11T09:31:45","date_gmt":"2025-04-11T09:31:45","guid":{"rendered":"https:\/\/villaaquamadalena.com\/?page_id=728"},"modified":"2025-05-21T16:26:49","modified_gmt":"2025-05-21T16:26:49","slug":"condicoes","status":"publish","type":"page","link":"https:\/\/villaaquamadalena.com\/en\/condicoes\/","title":{"rendered":"Terms of Service"},"content":{"rendered":"<div data-elementor-type=\"wp-page\" data-elementor-id=\"728\" class=\"elementor elementor-728\" data-elementor-post-type=\"page\">\n\t\t\t\t<div class=\"elementor-element elementor-element-53f15389 e-flex e-con-boxed e-con e-parent\" data-id=\"53f15389\" data-element_type=\"container\" data-settings=\"{&quot;background_background&quot;:&quot;classic&quot;}\">\n\t\t\t\t\t<div class=\"e-con-inner\">\n\t\t\t\t<div class=\"elementor-element elementor-element-049805f elementor-widget elementor-widget-heading\" data-id=\"049805f\" data-element_type=\"widget\" data-widget_type=\"heading.default\">\n\t\t\t\t<div class=\"elementor-widget-container\">\n\t\t\t\t\t<h2 class=\"elementor-heading-title elementor-size-default\">Terms of Service<\/h2>\t\t\t\t<\/div>\n\t\t\t\t<\/div>\n\t\t\t\t\t<\/div>\n\t\t\t\t<\/div>\n\t\t<div class=\"elementor-element elementor-element-27b0f0e e-flex e-con-boxed e-con e-parent\" data-id=\"27b0f0e\" data-element_type=\"container\">\n\t\t\t\t\t<div class=\"e-con-inner\">\n\t\t\t\t<div class=\"elementor-element elementor-element-ab00047 elementor-widget elementor-widget-text-editor\" data-id=\"ab00047\" data-element_type=\"widget\" data-widget_type=\"text-editor.default\">\n\t\t\t\t<div class=\"elementor-widget-container\">\n\t\t\t\t\t\t\t\t\t<h4>1. Terms<\/h4>\n<p>By accessing the M&amp;P Property website, you agree to be bound by these Terms of Service, all applicable laws and regulations, and acknowledge that you are responsible for compliance with any local laws that may apply. If you do not agree with any of these terms, you are prohibited from using or accessing this site. The materials contained on this website are protected by applicable copyright and trademark laws.<\/p>\n<h4>2. Licensed Use<\/h4>\n<p>Permission is granted to temporarily download one copy of the materials (information or software) on the M&amp;P Property website for personal, non-commercial, transitory viewing only. This is the grant of a license, not a transfer of title, and under this license you may not:\u00a0<\/p>\n<ol>\n<li>modificar ou copiar os materiais;\u00a0<\/li>\n<li>use the materials for any commercial purpose or for any public display (commercial or non-commercial);\u00a0<\/li>\n<li>attempt to decompile or reverse engineer any software contained on the M&amp;P Property website;\u00a0<\/li>\n<li>remove any copyright or other proprietary notations from the materials;\u00a0<\/li>\n<li>transfer the materials to another person or \u201cmirror\u201d the materials on any other server.<\/li>\n<\/ol>\n<p>\u00a0<\/p>\n<p>This license shall automatically terminate if you violate any of these restrictions and may be terminated by M&amp;P Property at any time. Upon terminating your viewing of these materials or upon the termination of this license, you must delete any downloaded materials in your possession, whether in electronic or printed format.<\/p>\n<h4>3. Limitation of Liability<\/h4>\n<ol>\n<li>The materials on the M&amp;P Property website are provided \u201cas is.\u201d M&amp;P Property makes no warranties, expressed or implied, and hereby disclaims and negates all other warranties, including, without limitation, implied warranties or conditions of merchantability, fitness for a particular purpose, or non-infringement of intellectual property or other violation of rights.<\/li>\n<li>Furthermore, M&amp;P Property does not warrant or make any representations concerning the accuracy, likely results, or reliability of the use of the materials on its website or otherwise relating to such materials or on any sites linked to this site.<\/li>\n<\/ol>\n<p>\u00a0<\/p>\n<h4>4. Limitations<\/h4>\n<p>In no event shall M&amp;P Property or its suppliers be liable for any damages (including, without limitation, damages for loss of data or profit, or due to business interruption) arising out of the use or inability to use the materials on M&amp;P Property\u2019s website, even if M&amp;P Property or an authorized representative has been notified orally or in writing of the possibility of such damage. Because some jurisdictions do not allow limitations on implied warranties or limitations of liability for consequential or incidental damages, these limitations may not apply to you.<\/p>\n<h4>5. Accuracy of Materials<\/h4>\n<p>The materials displayed on the M&amp;P Property website may include technical, typographical, or photographic errors. M&amp;P Property does not warrant that any of the materials on its website are accurate, complete, or current. M&amp;P Property may make changes to the materials contained on its website at any time without notice. However, M&amp;P Property does not commit to updating the materials.<\/p>\n<h4>6. Links<\/h4>\n<p>M&amp;P Property has not reviewed all of the websites linked to its website and is not responsible for the contents of any such linked site. The inclusion of any link does not imply endorsement by M&amp;P Property of the site. Use of any such linked website is at the user\u2019s own risk.\u00a0<\/p>\n<h4>Modifica\u00e7\u00f5es<\/h4>\n<p>M&amp;P Property may revise these Terms of Service for its website at any time without prior notice. By using this website, you agree to be bound by the then-current version of these Terms of Service.\n\nGoverning Law\nThese terms and conditions are governed by and construed in accordance with the laws applicable to M&amp;P Property, and you irrevocably submit to the exclusive jurisdiction of the courts in that state or location.<\/p>\t\t\t\t\t\t\t\t<\/div>\n\t\t\t\t<\/div>\n\t\t\t\t\t<\/div>\n\t\t\t\t<\/div>\n\t\t\t\t<\/div>","protected":false},"excerpt":{"rendered":"<p>1. Termos Ao acessar ao site M&amp;P Property, concorda em cumprir estes termos de servi\u00e7o, todas as leis e regulamentos aplic\u00e1veis e concorda que \u00e9 respons\u00e1vel pelo cumprimento de todas as leis locais aplic\u00e1veis. Se voc\u00ea n\u00e3o concordar com algum desses termos, est\u00e1 proibido de usar ou acessar este site. Os materiais contidos neste site [&hellip;]<\/p>","protected":false},"author":1,"featured_media":0,"parent":0,"menu_order":0,"comment_status":"closed","ping_status":"closed","template":"","meta":{"_acf_changed":false,"footnotes":""},"class_list":["post-728","page","type-page","status-publish","hentry"],"acf":[],"yoast_head":"<!-- This site is optimized with the Yoast SEO plugin v25.2 - https:\/\/yoast.com\/wordpress\/plugins\/seo\/ -->\n<title>Condi\u00e7\u00f5es - Villa Aqua Madalena<\/title>\n<meta name=\"robots\" content=\"index, follow, max-snippet:-1, max-image-preview:large, max-video-preview:-1\" \/>\n<link rel=\"canonical\" href=\"https:\/\/villaaquamadalena.com\/en\/condicoes\/\" \/>\n<meta property=\"og:locale\" content=\"en_US\" \/>\n<meta property=\"og:type\" content=\"article\" \/>\n<meta property=\"og:title\" content=\"Condi\u00e7\u00f5es - Villa Aqua Madalena\" \/>\n<meta property=\"og:description\" content=\"1. Termos Ao acessar ao site M&amp;P Property, concorda em cumprir estes termos de servi\u00e7o, todas as leis e regulamentos aplic\u00e1veis e concorda que \u00e9 respons\u00e1vel pelo cumprimento de todas as leis locais aplic\u00e1veis. Se voc\u00ea n\u00e3o concordar com algum desses termos, est\u00e1 proibido de usar ou acessar este site. Os materiais contidos neste site [&hellip;]\" \/>\n<meta property=\"og:url\" content=\"https:\/\/villaaquamadalena.com\/en\/condicoes\/\" \/>\n<meta property=\"og:site_name\" content=\"Villa Aqua Madalena\" \/>\n<meta property=\"article:publisher\" content=\"https:\/\/www.facebook.com\/mpproperty.pt\/\" \/>\n<meta property=\"article:modified_time\" content=\"2025-05-21T16:26:49+00:00\" \/>\n<meta property=\"og:image\" content=\"https:\/\/villaaquamadalena.com\/wp-content\/uploads\/2025\/06\/villa_Aqua.jpg\" \/>\n\t<meta property=\"og:image:width\" content=\"1200\" \/>\n\t<meta property=\"og:image:height\" content=\"675\" \/>\n\t<meta property=\"og:image:type\" content=\"image\/jpeg\" \/>\n<meta name=\"twitter:card\" content=\"summary_large_image\" \/>\n<meta name=\"twitter:label1\" content=\"Est. reading time\" \/>\n\t<meta name=\"twitter:data1\" content=\"4 minutes\" \/>\n<script type=\"application\/ld+json\" class=\"yoast-schema-graph\">{\"@context\":\"https:\/\/schema.org\",\"@graph\":[{\"@type\":\"WebPage\",\"@id\":\"https:\/\/villaaquamadalena.com\/condicoes\/\",\"url\":\"https:\/\/villaaquamadalena.com\/condicoes\/\",\"name\":\"Condi\u00e7\u00f5es - Villa Aqua Madalena\",\"isPartOf\":{\"@id\":\"https:\/\/villaaquamadalena.com\/#website\"},\"datePublished\":\"2025-04-11T09:31:45+00:00\",\"dateModified\":\"2025-05-21T16:26:49+00:00\",\"breadcrumb\":{\"@id\":\"https:\/\/villaaquamadalena.com\/condicoes\/#breadcrumb\"},\"inLanguage\":\"en-US\",\"potentialAction\":[{\"@type\":\"ReadAction\",\"target\":[\"https:\/\/villaaquamadalena.com\/condicoes\/\"]}]},{\"@type\":\"BreadcrumbList\",\"@id\":\"https:\/\/villaaquamadalena.com\/condicoes\/#breadcrumb\",\"itemListElement\":[{\"@type\":\"ListItem\",\"position\":1,\"name\":\"In\u00edcio\",\"item\":\"https:\/\/villaaquamadalena.com\/\"},{\"@type\":\"ListItem\",\"position\":2,\"name\":\"Condi\u00e7\u00f5es\"}]},{\"@type\":\"WebSite\",\"@id\":\"https:\/\/villaaquamadalena.com\/#website\",\"url\":\"https:\/\/villaaquamadalena.com\/\",\"name\":\"Villa Aqua Madalena\",\"description\":\"Sinta-se em casa. Viva como um local\",\"publisher\":{\"@id\":\"https:\/\/villaaquamadalena.com\/#organization\"},\"potentialAction\":[{\"@type\":\"SearchAction\",\"target\":{\"@type\":\"EntryPoint\",\"urlTemplate\":\"https:\/\/villaaquamadalena.com\/?s={search_term_string}\"},\"query-input\":{\"@type\":\"PropertyValueSpecification\",\"valueRequired\":true,\"valueName\":\"search_term_string\"}}],\"inLanguage\":\"en-US\"},{\"@type\":\"Organization\",\"@id\":\"https:\/\/villaaquamadalena.com\/#organization\",\"name\":\"Villa Aqua Madalena\",\"url\":\"https:\/\/villaaquamadalena.com\/\",\"logo\":{\"@type\":\"ImageObject\",\"inLanguage\":\"en-US\",\"@id\":\"https:\/\/villaaquamadalena.com\/#\/schema\/logo\/image\/\",\"url\":\"https:\/\/villaaquamadalena.com\/wp-content\/uploads\/2025\/05\/villaaquamadalena_logo.png\",\"contentUrl\":\"https:\/\/villaaquamadalena.com\/wp-content\/uploads\/2025\/05\/villaaquamadalena_logo.png\",\"width\":800,\"height\":190,\"caption\":\"Villa Aqua Madalena\"},\"image\":{\"@id\":\"https:\/\/villaaquamadalena.com\/#\/schema\/logo\/image\/\"},\"sameAs\":[\"https:\/\/www.facebook.com\/mpproperty.pt\/\",\"https:\/\/www.instagram.com\/mpproperty.pt\/\"]}]}<\/script>\n<!-- \/ Yoast SEO plugin. -->","yoast_head_json":{"title":"Condi\u00e7\u00f5es - Villa Aqua Madalena","robots":{"index":"index","follow":"follow","max-snippet":"max-snippet:-1","max-image-preview":"max-image-preview:large","max-video-preview":"max-video-preview:-1"},"canonical":"https:\/\/villaaquamadalena.com\/en\/condicoes\/","og_locale":"en_US","og_type":"article","og_title":"Condi\u00e7\u00f5es - Villa Aqua Madalena","og_description":"1. Termos Ao acessar ao site M&amp;P Property, concorda em cumprir estes termos de servi\u00e7o, todas as leis e regulamentos aplic\u00e1veis e concorda que \u00e9 respons\u00e1vel pelo cumprimento de todas as leis locais aplic\u00e1veis. Se voc\u00ea n\u00e3o concordar com algum desses termos, est\u00e1 proibido de usar ou acessar este site. Os materiais contidos neste site [&hellip;]","og_url":"https:\/\/villaaquamadalena.com\/en\/condicoes\/","og_site_name":"Villa Aqua Madalena","article_publisher":"https:\/\/www.facebook.com\/mpproperty.pt\/","article_modified_time":"2025-05-21T16:26:49+00:00","og_image":[{"width":1200,"height":675,"url":"https:\/\/villaaquamadalena.com\/wp-content\/uploads\/2025\/06\/villa_Aqua.jpg","type":"image\/jpeg"}],"twitter_card":"summary_large_image","twitter_misc":{"Est. reading time":"4 minutes"},"schema":{"@context":"https:\/\/schema.org","@graph":[{"@type":"WebPage","@id":"https:\/\/villaaquamadalena.com\/condicoes\/","url":"https:\/\/villaaquamadalena.com\/condicoes\/","name":"Condi\u00e7\u00f5es - Villa Aqua Madalena","isPartOf":{"@id":"https:\/\/villaaquamadalena.com\/#website"},"datePublished":"2025-04-11T09:31:45+00:00","dateModified":"2025-05-21T16:26:49+00:00","breadcrumb":{"@id":"https:\/\/villaaquamadalena.com\/condicoes\/#breadcrumb"},"inLanguage":"en-US","potentialAction":[{"@type":"ReadAction","target":["https:\/\/villaaquamadalena.com\/condicoes\/"]}]},{"@type":"BreadcrumbList","@id":"https:\/\/villaaquamadalena.com\/condicoes\/#breadcrumb","itemListElement":[{"@type":"ListItem","position":1,"name":"In\u00edcio","item":"https:\/\/villaaquamadalena.com\/"},{"@type":"ListItem","position":2,"name":"Condi\u00e7\u00f5es"}]},{"@type":"WebSite","@id":"https:\/\/villaaquamadalena.com\/#website","url":"https:\/\/villaaquamadalena.com\/","name":"Villa Aqua Madalena","description":"Sinta-se em casa. Viva como um local","publisher":{"@id":"https:\/\/villaaquamadalena.com\/#organization"},"potentialAction":[{"@type":"SearchAction","target":{"@type":"EntryPoint","urlTemplate":"https:\/\/villaaquamadalena.com\/?s={search_term_string}"},"query-input":{"@type":"PropertyValueSpecification","valueRequired":true,"valueName":"search_term_string"}}],"inLanguage":"en-US"},{"@type":"Organization","@id":"https:\/\/villaaquamadalena.com\/#organization","name":"Villa Aqua Madalena","url":"https:\/\/villaaquamadalena.com\/","logo":{"@type":"ImageObject","inLanguage":"en-US","@id":"https:\/\/villaaquamadalena.com\/#\/schema\/logo\/image\/","url":"https:\/\/villaaquamadalena.com\/wp-content\/uploads\/2025\/05\/villaaquamadalena_logo.png","contentUrl":"https:\/\/villaaquamadalena.com\/wp-content\/uploads\/2025\/05\/villaaquamadalena_logo.png","width":800,"height":190,"caption":"Villa Aqua Madalena"},"image":{"@id":"https:\/\/villaaquamadalena.com\/#\/schema\/logo\/image\/"},"sameAs":["https:\/\/www.facebook.com\/mpproperty.pt\/","https:\/\/www.instagram.com\/mpproperty.pt\/"]}]}},"_links":{"self":[{"href":"https:\/\/villaaquamadalena.com\/en\/wp-json\/wp\/v2\/pages\/728","targetHints":{"allow":["GET"]}}],"collection":[{"href":"https:\/\/villaaquamadalena.com\/en\/wp-json\/wp\/v2\/pages"}],"about":[{"href":"https:\/\/villaaquamadalena.com\/en\/wp-json\/wp\/v2\/types\/page"}],"author":[{"embeddable":true,"href":"https:\/\/villaaquamadalena.com\/en\/wp-json\/wp\/v2\/users\/1"}],"replies":[{"embeddable":true,"href":"https:\/\/villaaquamadalena.com\/en\/wp-json\/wp\/v2\/comments?post=728"}],"version-history":[{"count":4,"href":"https:\/\/villaaquamadalena.com\/en\/wp-json\/wp\/v2\/pages\/728\/revisions"}],"predecessor-version":[{"id":1053,"href":"https:\/\/villaaquamadalena.com\/en\/wp-json\/wp\/v2\/pages\/728\/revisions\/1053"}],"wp:attachment":[{"href":"https:\/\/villaaquamadalena.com\/en\/wp-json\/wp\/v2\/media?parent=728"}],"curies":[{"name":"wp","href":"https:\/\/api.w.org\/{rel}","templated":true}]}}